{"id":741,"date":"2026-01-22T20:07:07","date_gmt":"2026-01-22T20:07:07","guid":{"rendered":"https:\/\/paulaandresprocuradora.com\/?page_id=741"},"modified":"2026-01-23T18:49:48","modified_gmt":"2026-01-23T18:49:48","slug":"blog","status":"publish","type":"page","link":"https:\/\/paulaandresprocuradora.com\/en\/blog\/","title":{"rendered":"Blog"},"content":{"rendered":"<div data-elementor-type=\"wp-page\" data-elementor-id=\"741\" class=\"elementor elementor-741\" data-elementor-post-type=\"page\">\n\t\t\t\t<div class=\"elementor-element elementor-element-33ac684 e-con-full e-flex e-con e-parent\" data-id=\"33ac684\" data-element_type=\"container\" data-settings=\"{&quot;background_background&quot;:&quot;classic&quot;,&quot;animation_mobile&quot;:&quot;fadeIn&quot;}\">\n\t\t\t\t<div class=\"elementor-element elementor-element-1bc091d animated-slow elementor-grid-3 elementor-grid-tablet-2 elementor-grid-mobile-1 elementor-posts--thumbnail-top elementor-card-shadow-yes elementor-posts__hover-gradient elementor-invisible elementor-widget elementor-widget-posts\" data-id=\"1bc091d\" data-element_type=\"widget\" data-settings=\"{&quot;pagination_type&quot;:&quot;load_more_infinite_scroll&quot;,&quot;_animation&quot;:&quot;fadeIn&quot;,&quot;cards_columns&quot;:&quot;3&quot;,&quot;cards_columns_tablet&quot;:&quot;2&quot;,&quot;cards_columns_mobile&quot;:&quot;1&quot;,&quot;cards_row_gap&quot;:{&quot;unit&quot;:&quot;px&quot;,&quot;size&quot;:35,&quot;sizes&quot;:[]},&quot;cards_row_gap_tablet&quot;:{&quot;unit&quot;:&quot;px&quot;,&quot;size&quot;:&quot;&quot;,&quot;sizes&quot;:[]},&quot;cards_row_gap_mobile&quot;:{&quot;unit&quot;:&quot;px&quot;,&quot;size&quot;:&quot;&quot;,&quot;sizes&quot;:[]},&quot;load_more_spinner&quot;:{&quot;value&quot;:&quot;fas fa-spinner&quot;,&quot;library&quot;:&quot;fa-solid&quot;}}\" data-widget_type=\"posts.cards\">\n\t\t\t\t<div class=\"elementor-widget-container\">\n\t\t\t\t\t\t\t<div class=\"elementor-posts-container elementor-posts elementor-posts--skin-cards elementor-grid\" role=\"list\">\n\t\t\t\t<article class=\"elementor-post elementor-grid-item post-946 post type-post status-publish format-standard has-post-thumbnail hentry category-uncategorized\" role=\"listitem\">\n\t\t\t<div class=\"elementor-post__card\">\n\t\t\t\t<a class=\"elementor-post__thumbnail__link\" href=\"https:\/\/paulaandresprocuradora.com\/en\/cuando-es-obligatorio-el-procurador-casos-tipicos-y-dudas-habituales\/\" tabindex=\"-1\" ><div class=\"elementor-post__thumbnail\"><img fetchpriority=\"high\" decoding=\"async\" width=\"1216\" height=\"832\" src=\"https:\/\/paulaandresprocuradora.com\/wp-content\/uploads\/2026\/01\/acfgd-102-1769173025-TXJIp5.png\" class=\"attachment-medium size-medium wp-image-847\" alt=\"backgroundinicio2\" srcset=\"https:\/\/paulaandresprocuradora.com\/wp-content\/uploads\/2026\/01\/acfgd-102-1769173025-TXJIp5.png 1216w, https:\/\/paulaandresprocuradora.com\/wp-content\/uploads\/2026\/01\/acfgd-102-1769173025-TXJIp5-768x525.png 768w\" sizes=\"(max-width: 1216px) 100vw, 1216px\" \/><\/div><\/a>\n\t\t\t\t<div class=\"elementor-post__text\">\n\t\t\t\t<h3 class=\"elementor-post__title\">\n\t\t\t<a href=\"https:\/\/paulaandresprocuradora.com\/en\/cuando-es-obligatorio-el-procurador-casos-tipicos-y-dudas-habituales\/\" >\n\t\t\t\t\u00bfCu\u00e1ndo es obligatorio el procurador? Casos t\u00edpicos y dudas habituales\t\t\t<\/a>\n\t\t<\/h3>\n\t\t\t\t<div class=\"elementor-post__excerpt\">\n\t\t\t<p>En Espa\u00f1a, la intervenci\u00f3n de procurador es obligatoria en muchos procedimientos, especialmente cuando se act\u00faa ante determinados juzgados y seg\u00fan la cuant\u00eda o el tipo de proceso. Tambi\u00e9n hay excepciones<\/p>\n\t\t<\/div>\n\t\t\t\t<\/div>\n\t\t\t\t<div class=\"elementor-post__meta-data\">\n\t\t\t\t\t<span class=\"elementor-post-date\">\n\t\t\t23\/01\/2026\t\t<\/span>\n\t\t\t\t<span class=\"elementor-post-avatar\">\n\t\t\tNo Comments\t\t<\/span>\n\t\t\t\t<\/div>\n\t\t\t\t\t<\/div>\n\t\t<\/article>\n\t\t\t\t<article class=\"elementor-post elementor-grid-item post-944 post type-post status-publish format-standard has-post-thumbnail hentry category-uncategorized\" role=\"listitem\">\n\t\t\t<div class=\"elementor-post__card\">\n\t\t\t\t<a class=\"elementor-post__thumbnail__link\" href=\"https:\/\/paulaandresprocuradora.com\/en\/notificaciones-judiciales-electronicas-que-son-y-por-que-conviene-un-seguimiento-profesional\/\" tabindex=\"-1\" ><div class=\"elementor-post__thumbnail\"><img decoding=\"async\" width=\"1216\" height=\"832\" src=\"https:\/\/paulaandresprocuradora.com\/wp-content\/uploads\/2026\/01\/acfgd-102-1769172189-2Z45Ww.png\" class=\"attachment-medium size-medium wp-image-826\" alt=\"backgroundblog\" srcset=\"https:\/\/paulaandresprocuradora.com\/wp-content\/uploads\/2026\/01\/acfgd-102-1769172189-2Z45Ww.png 1216w, https:\/\/paulaandresprocuradora.com\/wp-content\/uploads\/2026\/01\/acfgd-102-1769172189-2Z45Ww-768x525.png 768w\" sizes=\"(max-width: 1216px) 100vw, 1216px\" \/><\/div><\/a>\n\t\t\t\t<div class=\"elementor-post__text\">\n\t\t\t\t<h3 class=\"elementor-post__title\">\n\t\t\t<a href=\"https:\/\/paulaandresprocuradora.com\/en\/notificaciones-judiciales-electronicas-que-son-y-por-que-conviene-un-seguimiento-profesional\/\" >\n\t\t\t\tNotificaciones judiciales electr\u00f3nicas: qu\u00e9 son y por qu\u00e9 conviene un seguimiento profesional\t\t\t<\/a>\n\t\t<\/h3>\n\t\t\t\t<div class=\"elementor-post__excerpt\">\n\t\t\t<p>Hoy gran parte de las comunicaciones con los juzgados se realizan por v\u00eda electr\u00f3nica. Esto agiliza, pero tambi\u00e9n exige control: una notificaci\u00f3n le\u00edda tarde puede activar plazos que corren en<\/p>\n\t\t<\/div>\n\t\t\t\t<\/div>\n\t\t\t\t<div class=\"elementor-post__meta-data\">\n\t\t\t\t\t<span class=\"elementor-post-date\">\n\t\t\t23\/01\/2026\t\t<\/span>\n\t\t\t\t<span class=\"elementor-post-avatar\">\n\t\t\tNo Comments\t\t<\/span>\n\t\t\t\t<\/div>\n\t\t\t\t\t<\/div>\n\t\t<\/article>\n\t\t\t\t<article class=\"elementor-post elementor-grid-item post-942 post type-post status-publish format-standard has-post-thumbnail hentry category-uncategorized\" role=\"listitem\">\n\t\t\t<div class=\"elementor-post__card\">\n\t\t\t\t<a class=\"elementor-post__thumbnail__link\" href=\"https:\/\/paulaandresprocuradora.com\/en\/plazos-procesales-errores-frecuentes-que-retrasan-un-asunto-y-como-evitarlos\/\" tabindex=\"-1\" ><div class=\"elementor-post__thumbnail\"><img decoding=\"async\" width=\"512\" height=\"512\" src=\"https:\/\/paulaandresprocuradora.com\/wp-content\/uploads\/2026\/01\/cropped-acfgd-102-1769173102-3c9GMX.png\" class=\"attachment-medium size-medium wp-image-864\" alt=\"imagencabeceracontacto\" srcset=\"https:\/\/paulaandresprocuradora.com\/wp-content\/uploads\/2026\/01\/cropped-acfgd-102-1769173102-3c9GMX.png 512w, https:\/\/paulaandresprocuradora.com\/wp-content\/uploads\/2026\/01\/cropped-acfgd-102-1769173102-3c9GMX-270x270.png 270w, https:\/\/paulaandresprocuradora.com\/wp-content\/uploads\/2026\/01\/cropped-acfgd-102-1769173102-3c9GMX-192x192.png 192w, https:\/\/paulaandresprocuradora.com\/wp-content\/uploads\/2026\/01\/cropped-acfgd-102-1769173102-3c9GMX-180x180.png 180w, https:\/\/paulaandresprocuradora.com\/wp-content\/uploads\/2026\/01\/cropped-acfgd-102-1769173102-3c9GMX-32x32.png 32w\" sizes=\"(max-width: 512px) 100vw, 512px\" \/><\/div><\/a>\n\t\t\t\t<div class=\"elementor-post__text\">\n\t\t\t\t<h3 class=\"elementor-post__title\">\n\t\t\t<a href=\"https:\/\/paulaandresprocuradora.com\/en\/plazos-procesales-errores-frecuentes-que-retrasan-un-asunto-y-como-evitarlos\/\" >\n\t\t\t\tPlazos procesales: errores frecuentes que retrasan un asunto (y c\u00f3mo evitarlos)\t\t\t<\/a>\n\t\t<\/h3>\n\t\t\t\t<div class=\"elementor-post__excerpt\">\n\t\t\t<p>Los problemas m\u00e1s habituales no suelen ser \u201cjur\u00eddicos\u201d, sino de gesti\u00f3n: notificaciones que no se revisan a tiempo, documentaci\u00f3n incompleta, escritos presentados fuera de plazo o incidencias con la sede<\/p>\n\t\t<\/div>\n\t\t\t\t<\/div>\n\t\t\t\t<div class=\"elementor-post__meta-data\">\n\t\t\t\t\t<span class=\"elementor-post-date\">\n\t\t\t23\/01\/2026\t\t<\/span>\n\t\t\t\t<span class=\"elementor-post-avatar\">\n\t\t\tNo Comments\t\t<\/span>\n\t\t\t\t<\/div>\n\t\t\t\t\t<\/div>\n\t\t<\/article>\n\t\t\t\t<article class=\"elementor-post elementor-grid-item post-940 post type-post status-publish format-standard has-post-thumbnail hentry category-uncategorized\" role=\"listitem\">\n\t\t\t<div class=\"elementor-post__card\">\n\t\t\t\t<a class=\"elementor-post__thumbnail__link\" href=\"https:\/\/paulaandresprocuradora.com\/en\/guia-rapida-de-un-procedimiento-civil-en-espana-fases-y-plazos-mas-habituales\/\" tabindex=\"-1\" ><div class=\"elementor-post__thumbnail\"><img loading=\"lazy\" decoding=\"async\" width=\"1216\" height=\"832\" src=\"https:\/\/paulaandresprocuradora.com\/wp-content\/uploads\/2026\/01\/acfgd-102-1769173021-27AzQo.png\" class=\"attachment-medium size-medium wp-image-845\" alt=\"foto2\" srcset=\"https:\/\/paulaandresprocuradora.com\/wp-content\/uploads\/2026\/01\/acfgd-102-1769173021-27AzQo.png 1216w, https:\/\/paulaandresprocuradora.com\/wp-content\/uploads\/2026\/01\/acfgd-102-1769173021-27AzQo-768x525.png 768w\" sizes=\"(max-width: 1216px) 100vw, 1216px\" \/><\/div><\/a>\n\t\t\t\t<div class=\"elementor-post__text\">\n\t\t\t\t<h3 class=\"elementor-post__title\">\n\t\t\t<a href=\"https:\/\/paulaandresprocuradora.com\/en\/guia-rapida-de-un-procedimiento-civil-en-espana-fases-y-plazos-mas-habituales\/\" >\n\t\t\t\tGu\u00eda r\u00e1pida de un procedimiento civil en Espa\u00f1a: fases y plazos m\u00e1s habituales\t\t\t<\/a>\n\t\t<\/h3>\n\t\t\t\t<div class=\"elementor-post__excerpt\">\n\t\t\t<p>Un procedimiento civil suele seguir varias fases: preparaci\u00f3n de documentaci\u00f3n, presentaci\u00f3n de demanda, admisi\u00f3n, contestaci\u00f3n, audiencia previa (si procede), juicio y sentencia. En cada etapa hay plazos que deben cumplirse<\/p>\n\t\t<\/div>\n\t\t\t\t<\/div>\n\t\t\t\t<div class=\"elementor-post__meta-data\">\n\t\t\t\t\t<span class=\"elementor-post-date\">\n\t\t\t23\/01\/2026\t\t<\/span>\n\t\t\t\t<span class=\"elementor-post-avatar\">\n\t\t\tNo Comments\t\t<\/span>\n\t\t\t\t<\/div>\n\t\t\t\t\t<\/div>\n\t\t<\/article>\n\t\t\t\t<article class=\"elementor-post elementor-grid-item post-938 post type-post status-publish format-standard has-post-thumbnail hentry category-uncategorized\" role=\"listitem\">\n\t\t\t<div class=\"elementor-post__card\">\n\t\t\t\t<a class=\"elementor-post__thumbnail__link\" href=\"https:\/\/paulaandresprocuradora.com\/en\/diferencias-entre-abogado-y-procurador-quien-hace-que-y-cuando-los-necesitas\/\" tabindex=\"-1\" ><div class=\"elementor-post__thumbnail\"><img loading=\"lazy\" decoding=\"async\" width=\"1216\" height=\"832\" src=\"https:\/\/paulaandresprocuradora.com\/wp-content\/uploads\/2026\/01\/acfgd-102-1769173020-JMYunX.png\" class=\"attachment-medium size-medium wp-image-844\" alt=\"foto1\" srcset=\"https:\/\/paulaandresprocuradora.com\/wp-content\/uploads\/2026\/01\/acfgd-102-1769173020-JMYunX.png 1216w, https:\/\/paulaandresprocuradora.com\/wp-content\/uploads\/2026\/01\/acfgd-102-1769173020-JMYunX-768x525.png 768w\" sizes=\"(max-width: 1216px) 100vw, 1216px\" \/><\/div><\/a>\n\t\t\t\t<div class=\"elementor-post__text\">\n\t\t\t\t<h3 class=\"elementor-post__title\">\n\t\t\t<a href=\"https:\/\/paulaandresprocuradora.com\/en\/diferencias-entre-abogado-y-procurador-quien-hace-que-y-cuando-los-necesitas\/\" >\n\t\t\t\tDiferencias entre abogado y procurador: qui\u00e9n hace qu\u00e9 y cu\u00e1ndo los necesitas\t\t\t<\/a>\n\t\t<\/h3>\n\t\t\t\t<div class=\"elementor-post__excerpt\">\n\t\t\t<p>Aunque suelen trabajar en equipo, abogado y procurador tienen funciones distintas. El abogado dise\u00f1a la estrategia jur\u00eddica y redacta la argumentaci\u00f3n; el procurador gestiona la representaci\u00f3n procesal y la relaci\u00f3n<\/p>\n\t\t<\/div>\n\t\t\t\t<\/div>\n\t\t\t\t<div class=\"elementor-post__meta-data\">\n\t\t\t\t\t<span class=\"elementor-post-date\">\n\t\t\t23\/01\/2026\t\t<\/span>\n\t\t\t\t<span class=\"elementor-post-avatar\">\n\t\t\tNo Comments\t\t<\/span>\n\t\t\t\t<\/div>\n\t\t\t\t\t<\/div>\n\t\t<\/article>\n\t\t\t\t<article class=\"elementor-post elementor-grid-item post-936 post type-post status-publish format-standard has-post-thumbnail hentry category-uncategorized\" role=\"listitem\">\n\t\t\t<div class=\"elementor-post__card\">\n\t\t\t\t<a class=\"elementor-post__thumbnail__link\" href=\"https:\/\/paulaandresprocuradora.com\/en\/que-hace-un-procurador-de-los-tribunales-y-por-que-es-clave-en-tu-procedimiento\/\" tabindex=\"-1\" ><div class=\"elementor-post__thumbnail\"><img decoding=\"async\" width=\"512\" height=\"512\" src=\"https:\/\/paulaandresprocuradora.com\/wp-content\/uploads\/2026\/01\/cropped-acfgd-102-1769173102-3c9GMX.png\" class=\"attachment-medium size-medium wp-image-864\" alt=\"imagencabeceracontacto\" srcset=\"https:\/\/paulaandresprocuradora.com\/wp-content\/uploads\/2026\/01\/cropped-acfgd-102-1769173102-3c9GMX.png 512w, https:\/\/paulaandresprocuradora.com\/wp-content\/uploads\/2026\/01\/cropped-acfgd-102-1769173102-3c9GMX-270x270.png 270w, https:\/\/paulaandresprocuradora.com\/wp-content\/uploads\/2026\/01\/cropped-acfgd-102-1769173102-3c9GMX-192x192.png 192w, https:\/\/paulaandresprocuradora.com\/wp-content\/uploads\/2026\/01\/cropped-acfgd-102-1769173102-3c9GMX-180x180.png 180w, https:\/\/paulaandresprocuradora.com\/wp-content\/uploads\/2026\/01\/cropped-acfgd-102-1769173102-3c9GMX-32x32.png 32w\" sizes=\"(max-width: 512px) 100vw, 512px\" \/><\/div><\/a>\n\t\t\t\t<div class=\"elementor-post__text\">\n\t\t\t\t<h3 class=\"elementor-post__title\">\n\t\t\t<a href=\"https:\/\/paulaandresprocuradora.com\/en\/que-hace-un-procurador-de-los-tribunales-y-por-que-es-clave-en-tu-procedimiento\/\" >\n\t\t\t\t\u00bfQu\u00e9 hace un procurador de los tribunales y por qu\u00e9 es clave en tu procedimiento?\t\t\t<\/a>\n\t\t<\/h3>\n\t\t\t\t<div class=\"elementor-post__excerpt\">\n\t\t\t<p>Un procurador es el profesional que te representa ante el juzgado y se encarga de que el procedimiento avance sin contratiempos: presenta escritos, recibe notificaciones, controla plazos y coordina tr\u00e1mites<\/p>\n\t\t<\/div>\n\t\t\t\t<\/div>\n\t\t\t\t<div class=\"elementor-post__meta-data\">\n\t\t\t\t\t<span class=\"elementor-post-date\">\n\t\t\t23\/01\/2026\t\t<\/span>\n\t\t\t\t<span class=\"elementor-post-avatar\">\n\t\t\tNo Comments\t\t<\/span>\n\t\t\t\t<\/div>\n\t\t\t\t\t<\/div>\n\t\t<\/article>\n\t\t\t\t<\/div>\n\t\t\t\t\t<span class=\"e-load-more-spinner\">\n\t\t\t\t<svg aria-hidden=\"true\" class=\"e-font-icon-svg e-fas-spinner\" viewbox=\"0 0 512 512\" xmlns=\"http:\/\/www.w3.org\/2000\/svg\"><path d=\"M304 48c0 26.51-21.49 48-48 48s-48-21.49-48-48 21.49-48 48-48 48 21.49 48 48zm-48 368c-26.51 0-48 21.49-48 48s21.49 48 48 48 48-21.49 48-48-21.49-48-48-48zm208-208c-26.51 0-48 21.49-48 48s21.49 48 48 48 48-21.49 48-48-21.49-48-48-48zM96 256c0-26.51-21.49-48-48-48S0 229.49 0 256s21.49 48 48 48 48-21.49 48-48zm12.922 99.078c-26.51 0-48 21.49-48 48s21.49 48 48 48 48-21.49 48-48c0-26.509-21.491-48-48-48zm294.156 0c-26.51 0-48 21.49-48 48s21.49 48 48 48 48-21.49 48-48c0-26.509-21.49-48-48-48zM108.922 60.922c-26.51 0-48 21.49-48 48s21.49 48 48 48 48-21.49 48-48-21.491-48-48-48z\"><\/path><\/svg>\t\t\t<\/span>\n\t\t\n\t\t\t\t\t\t<\/div>\n\t\t\t\t<\/div>\n\t\t\t\t<\/div>\n\t\t\t\t<\/div>","protected":false},"excerpt":{"rendered":"","protected":false},"author":1,"featured_media":0,"parent":0,"menu_order":0,"comment_status":"closed","ping_status":"closed","template":"","meta":{"_acf_changed":false,"footnotes":""},"class_list":["post-741","page","type-page","status-publish","hentry"],"acf":[],"yoast_head":"<!-- This site is optimized with the Yoast SEO plugin v26.8 - https:\/\/yoast.com\/product\/yoast-seo-wordpress\/ -->\n<title>Blog de la Procuradora Paula Andr\u00e9s en Valencia<\/title>\n<meta name=\"description\" content=\"Explora el blog de Paula Andr\u00e9s, procuradora en Valencia. Art\u00edculos sobre temas legales relevantes. \u00a1Inf\u00f3rmate y mejora tu situaci\u00f3n legal! M\u00e1s info sobre\" \/>\n<meta name=\"robots\" content=\"noindex, follow, max-snippet:-1, max-image-preview:large, max-video-preview:-1\" \/>\n<meta property=\"og:locale\" content=\"en_US\" \/>\n<meta property=\"og:type\" content=\"article\" \/>\n<meta property=\"og:title\" content=\"Blog de la Procuradora Paula Andr\u00e9s en Valencia\" \/>\n<meta property=\"og:description\" content=\"Explora el blog de Paula Andr\u00e9s, procuradora en Valencia. Art\u00edculos sobre temas legales relevantes. \u00a1Inf\u00f3rmate y mejora tu situaci\u00f3n legal! M\u00e1s info sobre\" \/>\n<meta property=\"og:url\" content=\"http:\/\/paulaandresprocuradora.com\/en\/blog\/\" \/>\n<meta property=\"og:site_name\" content=\"Paula Andr\u00e9s\" \/>\n<meta property=\"article:modified_time\" content=\"2026-01-23T18:49:48+00:00\" \/>\n<meta name=\"twitter:card\" content=\"summary_large_image\" \/>\n<script type=\"application\/ld+json\" class=\"yoast-schema-graph\">{\"@context\":\"https:\/\/schema.org\",\"@graph\":[{\"@type\":\"WebPage\",\"@id\":\"http:\/\/paulaandresprocuradora.com\/en\/blog\/\",\"url\":\"http:\/\/paulaandresprocuradora.com\/en\/blog\/\",\"name\":\"Blog de la Procuradora Paula Andr\u00e9s en Valencia\",\"isPartOf\":{\"@id\":\"http:\/\/paulaandresprocuradora.com\/#website\"},\"datePublished\":\"2026-01-22T20:07:07+00:00\",\"dateModified\":\"2026-01-23T18:49:48+00:00\",\"description\":\"Explora el blog de Paula Andr\u00e9s, procuradora en Valencia. Art\u00edculos sobre temas legales relevantes. \u00a1Inf\u00f3rmate y mejora tu situaci\u00f3n legal! M\u00e1s info sobre\",\"breadcrumb\":{\"@id\":\"http:\/\/paulaandresprocuradora.com\/en\/blog\/#breadcrumb\"},\"inLanguage\":\"en-US\",\"potentialAction\":[{\"@type\":\"ReadAction\",\"target\":[\"http:\/\/paulaandresprocuradora.com\/en\/blog\/\"]}]},{\"@type\":\"BreadcrumbList\",\"@id\":\"http:\/\/paulaandresprocuradora.com\/en\/blog\/#breadcrumb\",\"itemListElement\":[{\"@type\":\"ListItem\",\"position\":1,\"name\":\"Portada\",\"item\":\"http:\/\/paulaandresprocuradora.com\/\"},{\"@type\":\"ListItem\",\"position\":2,\"name\":\"Blog\"}]},{\"@type\":\"WebSite\",\"@id\":\"http:\/\/paulaandresprocuradora.com\/#website\",\"url\":\"http:\/\/paulaandresprocuradora.com\/\",\"name\":\"Paula Andr\u00e9s\",\"description\":\"Procuradora en Valencia\",\"potentialAction\":[{\"@type\":\"SearchAction\",\"target\":{\"@type\":\"EntryPoint\",\"urlTemplate\":\"http:\/\/paulaandresprocuradora.com\/?s={search_term_string}\"},\"query-input\":{\"@type\":\"PropertyValueSpecification\",\"valueRequired\":true,\"valueName\":\"search_term_string\"}}],\"inLanguage\":\"en-US\"}]}<\/script>\n<!-- \/ Yoast SEO plugin. -->","yoast_head_json":{"title":"Blog de la Procuradora Paula Andr\u00e9s en Valencia","description":"Explora el blog de Paula Andr\u00e9s, procuradora en Valencia. Art\u00edculos sobre temas legales relevantes. \u00a1Inf\u00f3rmate y mejora tu situaci\u00f3n legal! M\u00e1s info sobre","robots":{"index":"noindex","follow":"follow","max-snippet":"max-snippet:-1","max-image-preview":"max-image-preview:large","max-video-preview":"max-video-preview:-1"},"og_locale":"en_US","og_type":"article","og_title":"Blog de la Procuradora Paula Andr\u00e9s en Valencia","og_description":"Explora el blog de Paula Andr\u00e9s, procuradora en Valencia. Art\u00edculos sobre temas legales relevantes. \u00a1Inf\u00f3rmate y mejora tu situaci\u00f3n legal! M\u00e1s info sobre","og_url":"http:\/\/paulaandresprocuradora.com\/en\/blog\/","og_site_name":"Paula Andr\u00e9s","article_modified_time":"2026-01-23T18:49:48+00:00","twitter_card":"summary_large_image","schema":{"@context":"https:\/\/schema.org","@graph":[{"@type":"WebPage","@id":"http:\/\/paulaandresprocuradora.com\/en\/blog\/","url":"http:\/\/paulaandresprocuradora.com\/en\/blog\/","name":"Blog de la Procuradora Paula Andr\u00e9s en Valencia","isPartOf":{"@id":"http:\/\/paulaandresprocuradora.com\/#website"},"datePublished":"2026-01-22T20:07:07+00:00","dateModified":"2026-01-23T18:49:48+00:00","description":"Explora el blog de Paula Andr\u00e9s, procuradora en Valencia. Art\u00edculos sobre temas legales relevantes. \u00a1Inf\u00f3rmate y mejora tu situaci\u00f3n legal! M\u00e1s info sobre","breadcrumb":{"@id":"http:\/\/paulaandresprocuradora.com\/en\/blog\/#breadcrumb"},"inLanguage":"en-US","potentialAction":[{"@type":"ReadAction","target":["http:\/\/paulaandresprocuradora.com\/en\/blog\/"]}]},{"@type":"BreadcrumbList","@id":"http:\/\/paulaandresprocuradora.com\/en\/blog\/#breadcrumb","itemListElement":[{"@type":"ListItem","position":1,"name":"Portada","item":"http:\/\/paulaandresprocuradora.com\/"},{"@type":"ListItem","position":2,"name":"Blog"}]},{"@type":"WebSite","@id":"http:\/\/paulaandresprocuradora.com\/#website","url":"http:\/\/paulaandresprocuradora.com\/","name":"Paula Andr\u00e9s","description":"Procuradora en Valencia","potentialAction":[{"@type":"SearchAction","target":{"@type":"EntryPoint","urlTemplate":"http:\/\/paulaandresprocuradora.com\/?s={search_term_string}"},"query-input":{"@type":"PropertyValueSpecification","valueRequired":true,"valueName":"search_term_string"}}],"inLanguage":"en-US"}]}},"_links":{"self":[{"href":"https:\/\/paulaandresprocuradora.com\/en\/wp-json\/wp\/v2\/pages\/741","targetHints":{"allow":["GET"]}}],"collection":[{"href":"https:\/\/paulaandresprocuradora.com\/en\/wp-json\/wp\/v2\/pages"}],"about":[{"href":"https:\/\/paulaandresprocuradora.com\/en\/wp-json\/wp\/v2\/types\/page"}],"author":[{"embeddable":true,"href":"https:\/\/paulaandresprocuradora.com\/en\/wp-json\/wp\/v2\/users\/1"}],"replies":[{"embeddable":true,"href":"https:\/\/paulaandresprocuradora.com\/en\/wp-json\/wp\/v2\/comments?post=741"}],"version-history":[{"count":37,"href":"https:\/\/paulaandresprocuradora.com\/en\/wp-json\/wp\/v2\/pages\/741\/revisions"}],"predecessor-version":[{"id":967,"href":"https:\/\/paulaandresprocuradora.com\/en\/wp-json\/wp\/v2\/pages\/741\/revisions\/967"}],"wp:attachment":[{"href":"https:\/\/paulaandresprocuradora.com\/en\/wp-json\/wp\/v2\/media?parent=741"}],"curies":[{"name":"wp","href":"https:\/\/api.w.org\/{rel}","templated":true}]}}